{"id":317,"date":"2025-02-07T12:00:45","date_gmt":"2025-02-07T11:00:45","guid":{"rendered":"https:\/\/sodiakhorsetrucks.com\/?page_id=317"},"modified":"2025-04-30T16:36:36","modified_gmt":"2025-04-30T14:36:36","slug":"occasions","status":"publish","type":"page","link":"https:\/\/sodiakhorsetrucks.com\/de\/occasions\/","title":{"rendered":"Anl\u00e4sse"},"content":{"rendered":"<p>[et_pb_section fb_built=&#8221;1&#8243; admin_label=&#8221;Header&#8221; module_id=&#8221;sh-header&#8221; _builder_version=&#8221;4.27.4&#8243; _dynamic_attributes=&#8221;background_image&#8221; _module_preset=&#8221;default&#8221; background_enable_color=&#8221;off&#8221; use_background_color_gradient=&#8221;on&#8221; background_color_gradient_type=&#8221;circular&#8221; background_color_gradient_stops=&#8221;rgba(38,38,38,0.75) 0%|rgba(15,15,15,0.75) 100%&#8221; background_color_gradient_overlays_image=&#8221;on&#8221; background_image=&#8221;@ET-DC@eyJkeW5hbWljIjp0cnVlLCJjb250ZW50IjoiY3VzdG9tX21ldGFfaGVhZGVyX2FjaHRlcmdyb25kIiwic2V0dGluZ3MiOnsiYmVmb3JlIjoiIiwiYWZ0ZXIiOiIiLCJlbmFibGVfaHRtbCI6Im9mZiJ9fQ==@&#8221; custom_padding=&#8221;125px||50px||false|false&#8221; global_module=&#8221;194&#8243; saved_tabs=&#8221;all&#8221; global_colors_info=&#8221;{}&#8221;][et_pb_row use_custom_gutter=&#8221;on&#8221; gutter_width=&#8221;1&#8243; make_equal=&#8221;on&#8221; _builder_version=&#8221;4.27.4&#8243; _module_preset=&#8221;default&#8221; width=&#8221;100%&#8221; max_width=&#8221;100%&#8221; custom_padding=&#8221;|10%||10%|false|true&#8221; global_colors_info=&#8221;{}&#8221;][et_pb_column type=&#8221;4_4&#8243; _builder_version=&#8221;4.27.4&#8243; _module_preset=&#8221;default&#8221; global_colors_info=&#8221;{}&#8221;][et_pb_divider show_divider=&#8221;off&#8221; disabled_on=&#8221;off|off|off&#8221; _builder_version=&#8221;4.27.4&#8243; _module_preset=&#8221;default&#8221; global_colors_info=&#8221;{}&#8221;][\/et_pb_divider][\/et_pb_column][\/et_pb_row][\/et_pb_section][et_pb_section fb_built=&#8221;1&#8243; module_id=&#8221;content-home&#8221; _builder_version=&#8221;4.27.4&#8243; background_color=&#8221;#F2F2F2&#8243; custom_padding=&#8221;0|0px|0px|0px&#8221; locked=&#8221;off&#8221; global_colors_info=&#8221;{}&#8221;][et_pb_row column_structure=&#8221;1_2,1_2&#8243; use_custom_gutter=&#8221;on&#8221; make_equal=&#8221;on&#8221; _builder_version=&#8221;4.27.4&#8243; width=&#8221;100%&#8221; max_width=&#8221;100%&#8221; custom_padding=&#8221;0px|0|0px|&#8221; use_custom_width=&#8221;on&#8221; width_unit=&#8221;off&#8221; custom_width_percent=&#8221;100%&#8221; global_colors_info=&#8221;{}&#8221;][et_pb_column type=&#8221;1_2&#8243; _builder_version=&#8221;4.27.4&#8243; background_image=&#8221;\/wp-content\/themes\/divi-child\/img\/sodiak-horsetrucks-beeldmerk-bg-wit.svg&#8221; background_size=&#8221;contain&#8221; background_position=&#8221;bottom_left&#8221; custom_padding=&#8221;200px|4%|200px|8%&#8221; custom_padding_tablet=&#8221;60px|10%|60px|10%&#8221; custom_padding_phone=&#8221;60px|10%|60px|10%&#8221; custom_padding_last_edited=&#8221;on|tablet&#8221; global_colors_info=&#8221;{}&#8221; padding_tablet=&#8221;60px|10%|60px|10%&#8221; padding_last_edited=&#8221;on|tablet&#8221; custom_padding__hover=&#8221;|||&#8221; padding_phone=&#8221;60px|10%|60px|10%&#8221;][et_pb_heading title=&#8221;Betrouwbare tweedehands horsetrucks kwaliteit en luxe voor een scherpe prijs!&#8221; module_class=&#8221;sh-tagline&#8221; _builder_version=&#8221;4.27.4&#8243; _dynamic_attributes=&#8221;title&#8221; _module_preset=&#8221;default&#8221; title_level=&#8221;h6&#8243; custom_margin=&#8221;||0px||false|false&#8221; animation_style=&#8221;slide&#8221; animation_direction=&#8221;right&#8221; animation_intensity_slide=&#8221;4%&#8221; animation_starting_opacity=&#8221;50%&#8221; global_module=&#8221;152&#8243; saved_tabs=&#8221;all&#8221; locked=&#8221;off&#8221; global_colors_info=&#8221;{}&#8221;][\/et_pb_heading][et_pb_divider color=&#8221;#002820&#8243; divider_weight=&#8221;2px&#8221; _builder_version=&#8221;4.27.4&#8243; max_width=&#8221;150px&#8221; height=&#8221;2px&#8221; custom_margin=&#8221;|||&#8221; custom_padding=&#8221;|||-60px&#8221; custom_padding_tablet=&#8221;|0px||&#8221; custom_padding_last_edited=&#8221;off|desktop&#8221; animation_style=&#8221;zoom&#8221; animation_direction=&#8221;right&#8221; animation_starting_opacity=&#8221;50%&#8221; global_module=&#8221;144&#8243; saved_tabs=&#8221;all&#8221; locked=&#8221;off&#8221; global_colors_info=&#8221;{}&#8221;][\/et_pb_divider][et_pb_text _builder_version=&#8221;4.27.4&#8243; max_width=&#8221;600px&#8221; animation_style=&#8221;slide&#8221; animation_direction=&#8221;right&#8221; animation_intensity_slide=&#8221;4%&#8221; animation_starting_opacity=&#8221;50%&#8221; locked=&#8221;off&#8221; global_colors_info=&#8221;{}&#8221;]<\/p>\n<h2>Onze Occasions<\/h2>\n<p>Bij Sodiak Horsetrucks vindt u zorgvuldig geselecteerde tweedehands horsetrucks die voldoen aan onze hoge kwaliteitsnormen. Elke horsetruck wordt gecontroleerd en rijklaar gemaakt voor vele comfortabele kilometers met uw paarden. Ontdek ons actuele aanbod en rijd in luxe, voor een scherpe prijs!<\/p>\n<p>[\/et_pb_text][et_pb_button button_url=&#8221;#sh-portfolio&#8221; button_text=&#8221;Bekijk occasions&#8221; _builder_version=&#8221;4.27.4&#8243; animation_style=&#8221;slide&#8221; animation_direction=&#8221;right&#8221; animation_intensity_slide=&#8221;4%&#8221; animation_starting_opacity=&#8221;50%&#8221; button_letter_spacing_hover=&#8221;2px&#8221; locked=&#8221;off&#8221; global_colors_info=&#8221;{}&#8221; button_one_text_size__hover_enabled=&#8221;off&#8221; button_two_text_size__hover_enabled=&#8221;off&#8221; button_one_text_color__hover_enabled=&#8221;off&#8221; button_two_text_color__hover_enabled=&#8221;off&#8221; button_one_border_width__hover_enabled=&#8221;off&#8221; button_two_border_width__hover_enabled=&#8221;off&#8221; button_one_border_color__hover_enabled=&#8221;off&#8221; button_two_border_color__hover_enabled=&#8221;off&#8221; button_one_border_radius__hover_enabled=&#8221;off&#8221; button_two_border_radius__hover_enabled=&#8221;off&#8221; button_one_letter_spacing__hover_enabled=&#8221;off&#8221; button_two_letter_spacing__hover_enabled=&#8221;off&#8221; button_one_bg_color__hover_enabled=&#8221;off&#8221; button_two_bg_color__hover_enabled=&#8221;off&#8221;][\/et_pb_button][\/et_pb_column][et_pb_column type=&#8221;1_2&#8243; _builder_version=&#8221;4.27.4&#8243; background_enable_color=&#8221;off&#8221; use_background_color_gradient=&#8221;on&#8221; background_color_gradient_stops=&#8221;#0f0f0f 0%|rgba(15,15,15,0.75) 100%&#8221; background_color_gradient_overlays_image=&#8221;on&#8221; background_color_gradient_start=&#8221;rgba(18,18,18,0.5)&#8221; background_color_gradient_end=&#8221;#121212&#8243; background_image=&#8221;https:\/\/sodiakhorsetrucks.com\/wp-content\/uploads\/2025\/03\/Sodiak-Imagine-030.jpg&#8221; custom_padding=&#8221;100px||100px|&#8221; custom_padding_tablet=&#8221;60px||60px|&#8221; custom_padding_phone=&#8221;60px||60px|&#8221; custom_padding_last_edited=&#8221;on|desktop&#8221; global_colors_info=&#8221;{}&#8221; padding_tablet=&#8221;60px||60px|&#8221; padding_last_edited=&#8221;on|desktop&#8221; custom_padding__hover=&#8221;|||&#8221; padding_phone=&#8221;60px||60px|&#8221;][et_pb_image src=&#8221;https:\/\/sodiakhorsetrucks.com\/wp-content\/uploads\/2025\/03\/Sodiak-Imagine-020-1.jpg&#8221; title_text=&#8221;Sodiak-Imagine-020&#8243; show_in_lightbox=&#8221;on&#8221; align_tablet=&#8221;center&#8221; align_phone=&#8221;center&#8221; align_last_edited=&#8221;on|desktop&#8221; _builder_version=&#8221;4.27.4&#8243; max_width=&#8221;600px&#8221; max_width_tablet=&#8221;&#8221; max_width_phone=&#8221;&#8221; max_width_last_edited=&#8221;on|desktop&#8221; custom_margin=&#8221;||42px|-8%||&#8221; custom_margin_tablet=&#8221;|||&#8221; custom_margin_last_edited=&#8221;off|desktop&#8221; custom_padding=&#8221;|0px||||&#8221; animation_style=&#8221;slide&#8221; animation_direction=&#8221;right&#8221; animation_intensity_slide=&#8221;4%&#8221; animation_starting_opacity=&#8221;50%&#8221; box_shadow_style=&#8221;preset3&#8243; box_shadow_blur=&#8221;80px&#8221; locked=&#8221;off&#8221; global_colors_info=&#8221;{}&#8221;][\/et_pb_image][et_pb_image src=&#8221;https:\/\/sodiakhorsetrucks.com\/wp-content\/uploads\/2025\/03\/foto-Imagine-.png&#8221; title_text=&#8221;foto-Imagine-&#8221; show_in_lightbox=&#8221;on&#8221; align_tablet=&#8221;center&#8221; align_phone=&#8221;center&#8221; align_last_edited=&#8221;on|desktop&#8221; _builder_version=&#8221;4.27.4&#8243; max_width=&#8221;600px&#8221; max_width_tablet=&#8221;&#8221; max_width_phone=&#8221;&#8221; max_width_last_edited=&#8221;on|desktop&#8221; custom_margin=&#8221;||42px|-8%||&#8221; custom_margin_tablet=&#8221;|||&#8221; custom_margin_last_edited=&#8221;off|desktop&#8221; custom_padding=&#8221;|0px||||&#8221; animation_style=&#8221;slide&#8221; animation_direction=&#8221;right&#8221; animation_intensity_slide=&#8221;4%&#8221; animation_starting_opacity=&#8221;50%&#8221; box_shadow_style=&#8221;preset3&#8243; box_shadow_blur=&#8221;80px&#8221; locked=&#8221;off&#8221; global_colors_info=&#8221;{}&#8221;][\/et_pb_image][\/et_pb_column][\/et_pb_row][\/et_pb_section][et_pb_section fb_built=&#8221;1&#8243; disabled_on=&#8221;on|on|on&#8221; module_id=&#8221;sh-portfolio&#8221; _builder_version=&#8221;4.27.4&#8243; _module_preset=&#8221;default&#8221; background_color=&#8221;#ffffff&#8221; hover_enabled=&#8221;0&#8243; disabled=&#8221;on&#8221; locked=&#8221;off&#8221; global_colors_info=&#8221;{}&#8221; sticky_enabled=&#8221;0&#8243;][et_pb_row _builder_version=&#8221;4.27.4&#8243; _module_preset=&#8221;default&#8221; global_colors_info=&#8221;{}&#8221;][et_pb_column type=&#8221;4_4&#8243; _builder_version=&#8221;4.27.4&#8243; _module_preset=&#8221;default&#8221; hover_enabled=&#8221;0&#8243; global_colors_info=&#8221;{}&#8221; sticky_enabled=&#8221;0&#8243;][et_pb_portfolio fullwidth=&#8221;off&#8221; posts_number=&#8221;12&#8243; show_categories=&#8221;off&#8221; zoom_icon_color=&#8221;#F2F2F2&#8243; hover_overlay_color=&#8221;rgba(15,15,15,0.75)&#8221; hover_icon=&#8221;&#x30;||divi||400&#8243; disabled_on=&#8221;off|off|off&#8221; module_class=&#8221;three-column-portfolio&#8221; _builder_version=&#8221;4.27.4&#8243; _module_preset=&#8221;default&#8221; title_level=&#8221;h6&#8243; background_layout=&#8221;dark&#8221; hover_enabled=&#8221;0&#8243; locked=&#8221;off&#8221; global_colors_info=&#8221;{}&#8221; sticky_enabled=&#8221;0&#8243;][\/et_pb_portfolio][\/et_pb_column][\/et_pb_row][\/et_pb_section][et_pb_section fb_built=&#8221;1&#8243; disabled_on=&#8221;off|off|off&#8221; module_id=&#8221;sh-portfolio&#8221; _builder_version=&#8221;4.27.4&#8243; _module_preset=&#8221;default&#8221; background_color=&#8221;#0F0F0F&#8221; background_image=&#8221;https:\/\/sodiakhorsetrucks.com\/wp-content\/uploads\/2025\/02\/Sodiak-Januari-2025-889.jpg&#8221; background_position=&#8221;top_right&#8221; background_vertical_offset=&#8221;-13%&#8221; background_repeat=&#8221;space&#8221; background_blend=&#8221;soft-light&#8221; global_colors_info=&#8221;{}&#8221;][et_pb_row make_equal=&#8221;on&#8221; _builder_version=&#8221;4.27.4&#8243; _module_preset=&#8221;default&#8221; global_colors_info=&#8221;{}&#8221;][et_pb_column type=&#8221;4_4&#8243; _builder_version=&#8221;4.27.4&#8243; _module_preset=&#8221;default&#8221; global_colors_info=&#8221;{}&#8221;][et_pb_text _builder_version=&#8221;4.27.4&#8243; _module_preset=&#8221;default&#8221; text_orientation=&#8221;center&#8221; background_layout=&#8221;dark&#8221; global_colors_info=&#8221;{}&#8221;]<\/p>\n<p>Geen occasions op voorraad? Bel ons voor de mogelijkheden en ontdek ons aanbod op maat!<\/p>\n<p>Volg onze socials en mis niks!<\/p>\n<p>[\/et_pb_text][et_pb_social_media_follow _builder_version=&#8221;4.27.4&#8243; _module_preset=&#8221;default&#8221; text_orientation=&#8221;center&#8221; custom_margin=&#8221;||0px||false|false&#8221; locked=&#8221;off&#8221; global_colors_info=&#8221;{}&#8221;][et_pb_social_media_follow_network social_network=&#8221;whatsapp&#8221; url=&#8221;https:\/\/wa.me\/31627181680&#8243; icon_color=&#8221;#0F0F0F&#8221; _builder_version=&#8221;4.27.4&#8243; _module_preset=&#8221;default&#8221; background_color=&#8221;#F2F2F2&#8243; background_enable_color=&#8221;on&#8221; global_colors_info=&#8221;{}&#8221; follow_button=&#8221;off&#8221; url_new_window=&#8221;on&#8221;]whatsapp[\/et_pb_social_media_follow_network][et_pb_social_media_follow_network social_network=&#8221;linkedin&#8221; url=&#8221;https:\/\/www.linkedin.com\/in\/sodiak-horsetrucks-694522337\/&#8221; icon_color=&#8221;#0F0F0F&#8221; _builder_version=&#8221;4.27.4&#8243; _module_preset=&#8221;default&#8221; background_color=&#8221;#F2F2F2&#8243; background_enable_color=&#8221;on&#8221; global_colors_info=&#8221;{}&#8221; follow_button=&#8221;off&#8221; url_new_window=&#8221;on&#8221;]linkedin[\/et_pb_social_media_follow_network][et_pb_social_media_follow_network social_network=&#8221;facebook&#8221; url=&#8221;https:\/\/www.facebook.com\/sodiakhorsetrucks&#8221; icon_color=&#8221;#0F0F0F&#8221; _builder_version=&#8221;4.27.4&#8243; _module_preset=&#8221;default&#8221; background_color=&#8221;#F2F2F2&#8243; background_enable_color=&#8221;on&#8221; global_colors_info=&#8221;{}&#8221; follow_button=&#8221;off&#8221; url_new_window=&#8221;on&#8221;]facebook[\/et_pb_social_media_follow_network][et_pb_social_media_follow_network social_network=&#8221;instagram&#8221; url=&#8221;https:\/\/www.instagram.com\/sodiakhorsetrucks\/&#8221; icon_color=&#8221;#0F0F0F&#8221; _builder_version=&#8221;4.27.4&#8243; _module_preset=&#8221;default&#8221; background_color=&#8221;#F2F2F2&#8243; background_enable_color=&#8221;on&#8221; global_colors_info=&#8221;{}&#8221; follow_button=&#8221;off&#8221; url_new_window=&#8221;on&#8221;]instagram[\/et_pb_social_media_follow_network][et_pb_social_media_follow_network social_network=&#8221;tiktok&#8221; url=&#8221;https:\/\/www.tiktok.com\/@sodiakhorsetrucks&#8221; icon_color=&#8221;#0F0F0F&#8221; _builder_version=&#8221;4.27.4&#8243; _module_preset=&#8221;default&#8221; background_color=&#8221;#F2F2F2&#8243; background_enable_color=&#8221;on&#8221; global_colors_info=&#8221;{}&#8221; follow_button=&#8221;off&#8221; url_new_window=&#8221;on&#8221;]tiktok[\/et_pb_social_media_follow_network][\/et_pb_social_media_follow][\/et_pb_column][\/et_pb_row][\/et_pb_section]<\/p>\n<span class=\"et_bloom_bottom_trigger\"><\/span>","protected":false},"excerpt":{"rendered":"<p>Onze Occasions Bij Sodiak Horsetrucks vindt u zorgvuldig geselecteerde tweedehands horsetrucks die voldoen aan onze hoge kwaliteitsnormen. Elke horsetruck wordt gecontroleerd en rijklaar gemaakt voor vele comfortabele kilometers met uw paarden. Ontdek ons actuele aanbod en rijd in luxe, voor een scherpe prijs!Geen occasions op voorraad? Bel ons voor de mogelijkheden en ontdek ons aanbod [&hellip;]<\/p>\n","protected":false},"author":1,"featured_media":0,"parent":0,"menu_order":0,"comment_status":"closed","ping_status":"closed","template":"","meta":{"_acf_changed":false,"_et_pb_use_builder":"on","_et_pb_old_content":"","_et_gb_content_width":"","inline_featured_image":false,"footnotes":""},"class_list":["post-317","page","type-page","status-publish","hentry"],"acf":[],"yoast_head":"<!-- This site is optimized with the Yoast SEO plugin v27.4 - https:\/\/yoast.com\/product\/yoast-seo-wordpress\/ -->\n<title>Occasions - Sodiak Horsetrucks<\/title>\n<meta name=\"description\" content=\"Op zoek naar een betrouwbare tweedehands auto? Ontdek ons aanbod van kwalitatieve occasions met zorg geselecteerd. Rij voordelig en vertrouwd weg!\" \/>\n<meta name=\"robots\" content=\"index, follow, max-snippet:-1, max-image-preview:large, max-video-preview:-1\" \/>\n<link rel=\"canonical\" href=\"https:\/\/sodiakhorsetrucks.com\/de\/occasions\/\" \/>\n<meta property=\"og:locale\" content=\"de_DE\" \/>\n<meta property=\"og:type\" content=\"article\" \/>\n<meta property=\"og:title\" content=\"Occasions - Sodiak Horsetrucks\" \/>\n<meta property=\"og:description\" content=\"Op zoek naar een betrouwbare tweedehands auto? Ontdek ons aanbod van kwalitatieve occasions met zorg geselecteerd. Rij voordelig en vertrouwd weg!\" \/>\n<meta property=\"og:url\" content=\"https:\/\/sodiakhorsetrucks.com\/de\/occasions\/\" \/>\n<meta property=\"og:site_name\" content=\"Sodiak Horsetrucks\" \/>\n<meta property=\"article:publisher\" content=\"https:\/\/www.facebook.com\/sodiakhorsetrucks\" \/>\n<meta property=\"article:modified_time\" content=\"2025-04-30T14:36:36+00:00\" \/>\n<meta name=\"twitter:card\" content=\"summary_large_image\" \/>\n<meta name=\"twitter:label1\" content=\"Gesch\u00e4tzte Lesezeit\" \/>\n\t<meta name=\"twitter:data1\" content=\"1\u00a0Minute\" \/>\n<script type=\"application\/ld+json\" class=\"yoast-schema-graph\">{\"@context\":\"https:\\\/\\\/schema.org\",\"@graph\":[{\"@type\":\"WebPage\",\"@id\":\"https:\\\/\\\/sodiakhorsetrucks.com\\\/occasions\\\/\",\"url\":\"https:\\\/\\\/sodiakhorsetrucks.com\\\/occasions\\\/\",\"name\":\"Occasions - Sodiak Horsetrucks\",\"isPartOf\":{\"@id\":\"https:\\\/\\\/sodiakhorsetrucks.com\\\/#website\"},\"datePublished\":\"2025-02-07T11:00:45+00:00\",\"dateModified\":\"2025-04-30T14:36:36+00:00\",\"description\":\"Op zoek naar een betrouwbare tweedehands auto? Ontdek ons aanbod van kwalitatieve occasions met zorg geselecteerd. Rij voordelig en vertrouwd weg!\",\"breadcrumb\":{\"@id\":\"https:\\\/\\\/sodiakhorsetrucks.com\\\/occasions\\\/#breadcrumb\"},\"inLanguage\":\"de\",\"potentialAction\":[{\"@type\":\"ReadAction\",\"target\":[\"https:\\\/\\\/sodiakhorsetrucks.com\\\/occasions\\\/\"]}]},{\"@type\":\"BreadcrumbList\",\"@id\":\"https:\\\/\\\/sodiakhorsetrucks.com\\\/occasions\\\/#breadcrumb\",\"itemListElement\":[{\"@type\":\"ListItem\",\"position\":1,\"name\":\"Home\",\"item\":\"https:\\\/\\\/sodiakhorsetrucks.com\\\/\"},{\"@type\":\"ListItem\",\"position\":2,\"name\":\"Occasions\"}]},{\"@type\":\"WebSite\",\"@id\":\"https:\\\/\\\/sodiakhorsetrucks.com\\\/#website\",\"url\":\"https:\\\/\\\/sodiakhorsetrucks.com\\\/\",\"name\":\"Sodiak Horsetrucks\",\"description\":\"Luxury Horsetrucks\",\"publisher\":{\"@id\":\"https:\\\/\\\/sodiakhorsetrucks.com\\\/#organization\"},\"potentialAction\":[{\"@type\":\"SearchAction\",\"target\":{\"@type\":\"EntryPoint\",\"urlTemplate\":\"https:\\\/\\\/sodiakhorsetrucks.com\\\/?s={search_term_string}\"},\"query-input\":{\"@type\":\"PropertyValueSpecification\",\"valueRequired\":true,\"valueName\":\"search_term_string\"}}],\"inLanguage\":\"de\"},{\"@type\":\"Organization\",\"@id\":\"https:\\\/\\\/sodiakhorsetrucks.com\\\/#organization\",\"name\":\"Sodiak Horsetrucks\",\"url\":\"https:\\\/\\\/sodiakhorsetrucks.com\\\/\",\"logo\":{\"@type\":\"ImageObject\",\"inLanguage\":\"de\",\"@id\":\"https:\\\/\\\/sodiakhorsetrucks.com\\\/#\\\/schema\\\/logo\\\/image\\\/\",\"url\":\"https:\\\/\\\/sodiakhorsetrucks.com\\\/wp-content\\\/uploads\\\/2025\\\/02\\\/sodiak-horsetrucks-logo-1.svg\",\"contentUrl\":\"https:\\\/\\\/sodiakhorsetrucks.com\\\/wp-content\\\/uploads\\\/2025\\\/02\\\/sodiak-horsetrucks-logo-1.svg\",\"width\":329,\"height\":115,\"caption\":\"Sodiak Horsetrucks\"},\"image\":{\"@id\":\"https:\\\/\\\/sodiakhorsetrucks.com\\\/#\\\/schema\\\/logo\\\/image\\\/\"},\"sameAs\":[\"https:\\\/\\\/www.facebook.com\\\/sodiakhorsetrucks\",\"https:\\\/\\\/www.linkedin.com\\\/in\\\/sodiak-horsetrucks-694522337\\\/\",\"https:\\\/\\\/www.instagram.com\\\/sodiakhorsetrucks\\\/\",\"https:\\\/\\\/www.tiktok.com\\\/@sodiakhorsetrucks\"]}]}<\/script>\n<!-- \/ Yoast SEO plugin. -->","yoast_head_json":{"title":"Anl\u00e4sse \u2013 Sodiak Horsetrucks","description":"Suchen Sie einen zuverl\u00e4ssigen Gebrauchtwagen? Entdecken Sie unser Angebot an sorgf\u00e4ltig ausgew\u00e4hlten, hochwertigen Gebrauchtwagen. G\u00fcnstig und sicher losfahren!","robots":{"index":"index","follow":"follow","max-snippet":"max-snippet:-1","max-image-preview":"max-image-preview:large","max-video-preview":"max-video-preview:-1"},"canonical":"https:\/\/sodiakhorsetrucks.com\/de\/occasions\/","og_locale":"de_DE","og_type":"article","og_title":"Occasions - Sodiak Horsetrucks","og_description":"Op zoek naar een betrouwbare tweedehands auto? Ontdek ons aanbod van kwalitatieve occasions met zorg geselecteerd. Rij voordelig en vertrouwd weg!","og_url":"https:\/\/sodiakhorsetrucks.com\/de\/occasions\/","og_site_name":"Sodiak Horsetrucks","article_publisher":"https:\/\/www.facebook.com\/sodiakhorsetrucks","article_modified_time":"2025-04-30T14:36:36+00:00","twitter_card":"summary_large_image","twitter_misc":{"Gesch\u00e4tzte Lesezeit":"1\u00a0Minute"},"schema":{"@context":"https:\/\/schema.org","@graph":[{"@type":"WebPage","@id":"https:\/\/sodiakhorsetrucks.com\/occasions\/","url":"https:\/\/sodiakhorsetrucks.com\/occasions\/","name":"Anl\u00e4sse \u2013 Sodiak Horsetrucks","isPartOf":{"@id":"https:\/\/sodiakhorsetrucks.com\/#website"},"datePublished":"2025-02-07T11:00:45+00:00","dateModified":"2025-04-30T14:36:36+00:00","description":"Suchen Sie einen zuverl\u00e4ssigen Gebrauchtwagen? Entdecken Sie unser Angebot an sorgf\u00e4ltig ausgew\u00e4hlten, hochwertigen Gebrauchtwagen. G\u00fcnstig und sicher losfahren!","breadcrumb":{"@id":"https:\/\/sodiakhorsetrucks.com\/occasions\/#breadcrumb"},"inLanguage":"de","potentialAction":[{"@type":"ReadAction","target":["https:\/\/sodiakhorsetrucks.com\/occasions\/"]}]},{"@type":"BreadcrumbList","@id":"https:\/\/sodiakhorsetrucks.com\/occasions\/#breadcrumb","itemListElement":[{"@type":"ListItem","position":1,"name":"Home","item":"https:\/\/sodiakhorsetrucks.com\/"},{"@type":"ListItem","position":2,"name":"Occasions"}]},{"@type":"WebSite","@id":"https:\/\/sodiakhorsetrucks.com\/#website","url":"https:\/\/sodiakhorsetrucks.com\/","name":"Sodiak Pferdetransporter","description":"Luxury Horsetrucks","publisher":{"@id":"https:\/\/sodiakhorsetrucks.com\/#organization"},"potentialAction":[{"@type":"SearchAction","target":{"@type":"EntryPoint","urlTemplate":"https:\/\/sodiakhorsetrucks.com\/?s={search_term_string}"},"query-input":{"@type":"PropertyValueSpecification","valueRequired":true,"valueName":"search_term_string"}}],"inLanguage":"de"},{"@type":"Organization","@id":"https:\/\/sodiakhorsetrucks.com\/#organization","name":"Sodiak Pferdetransporter","url":"https:\/\/sodiakhorsetrucks.com\/","logo":{"@type":"ImageObject","inLanguage":"de","@id":"https:\/\/sodiakhorsetrucks.com\/#\/schema\/logo\/image\/","url":"https:\/\/sodiakhorsetrucks.com\/wp-content\/uploads\/2025\/02\/sodiak-horsetrucks-logo-1.svg","contentUrl":"https:\/\/sodiakhorsetrucks.com\/wp-content\/uploads\/2025\/02\/sodiak-horsetrucks-logo-1.svg","width":329,"height":115,"caption":"Sodiak Horsetrucks"},"image":{"@id":"https:\/\/sodiakhorsetrucks.com\/#\/schema\/logo\/image\/"},"sameAs":["https:\/\/www.facebook.com\/sodiakhorsetrucks","https:\/\/www.linkedin.com\/in\/sodiak-horsetrucks-694522337\/","https:\/\/www.instagram.com\/sodiakhorsetrucks\/","https:\/\/www.tiktok.com\/@sodiakhorsetrucks"]}]}},"_links":{"self":[{"href":"https:\/\/sodiakhorsetrucks.com\/de\/wp-json\/wp\/v2\/pages\/317","targetHints":{"allow":["GET"]}}],"collection":[{"href":"https:\/\/sodiakhorsetrucks.com\/de\/wp-json\/wp\/v2\/pages"}],"about":[{"href":"https:\/\/sodiakhorsetrucks.com\/de\/wp-json\/wp\/v2\/types\/page"}],"author":[{"embeddable":true,"href":"https:\/\/sodiakhorsetrucks.com\/de\/wp-json\/wp\/v2\/users\/1"}],"replies":[{"embeddable":true,"href":"https:\/\/sodiakhorsetrucks.com\/de\/wp-json\/wp\/v2\/comments?post=317"}],"version-history":[{"count":105,"href":"https:\/\/sodiakhorsetrucks.com\/de\/wp-json\/wp\/v2\/pages\/317\/revisions"}],"predecessor-version":[{"id":3065,"href":"https:\/\/sodiakhorsetrucks.com\/de\/wp-json\/wp\/v2\/pages\/317\/revisions\/3065"}],"wp:attachment":[{"href":"https:\/\/sodiakhorsetrucks.com\/de\/wp-json\/wp\/v2\/media?parent=317"}],"curies":[{"name":"wp","href":"https:\/\/api.w.org\/{rel}","templated":true}]}}